{"id":12951,"date":"2022-03-10T16:07:14","date_gmt":"2022-03-10T15:07:14","guid":{"rendered":"https:\/\/www.opendatasoft.com\/?page_id=12951"},"modified":"2023-03-01T15:42:09","modified_gmt":"2023-03-01T14:42:09","slug":"telechargement-success-story-uk-power-networks","status":"publish","type":"page","link":"https:\/\/www.opendatasoft.com\/fr\/telechargement-success-story-uk-power-networks\/","title":{"rendered":"UK Power Networks s\u2019engage pour la neutralit\u00e9 carbone en f\u00e9d\u00e9rant une communaut\u00e9 open data entre acteurs de l\u2019\u00e9nergie"},"content":{"rendered":"<h2>Merci pour votre t\u00e9l\u00e9chargement !<\/h2>\n<p>La success story vient de vous \u00eatre envoy\u00e9e par email.<\/p>\n<p>&nbsp;<\/p>\n<div align=\"center\">\n<p><!--HubSpot Call-to-Action Code --><span id=\"hs-cta-wrapper-78ca76fb-b30f-4666-b6a6-390bfb4b4798\" class=\"hs-cta-wrapper\"><span id=\"hs-cta-78ca76fb-b30f-4666-b6a6-390bfb4b4798\" class=\"hs-cta-node hs-cta-78ca76fb-b30f-4666-b6a6-390bfb4b4798\"><!-- [if lte IE 8]>\n\n\n<div id=\"hs-cta-ie-element\"><\/div>\n\n\n<![endif]--><a href=\"https:\/\/cta-redirect.hubspot.com\/cta\/redirect\/2041226\/78ca76fb-b30f-4666-b6a6-390bfb4b4798\" target=\"_blank\" rel=\"noopener\"><img decoding=\"async\" id=\"hs-cta-img-78ca76fb-b30f-4666-b6a6-390bfb4b4798\" class=\"hs-cta-img\" style=\"border-width: 0px;\" src=\"https:\/\/no-cache.hubspot.com\/cta\/default\/2041226\/78ca76fb-b30f-4666-b6a6-390bfb4b4798.png\" alt=\"Voir la Success Story\" \/><\/a><\/span><script charset=\"utf-8\" src=\"https:\/\/js.hscta.net\/cta\/current.js\"><\/script><script type=\"text\/javascript\"> hbspt.cta.load(2041226, '78ca76fb-b30f-4666-b6a6-390bfb4b4798', {\"useNewLoader\":\"true\",\"region\":\"na1\"}); <\/script><\/span><!-- end HubSpot Call-to-Action Code --><\/p>\n<\/div>\n","protected":false},"excerpt":{"rendered":"<p>Merci pour votre t\u00e9l\u00e9chargement ! La success story vient de vous \u00eatre envoy\u00e9e par email. &nbsp;<\/p>\n","protected":false},"author":5,"featured_media":0,"parent":0,"menu_order":0,"comment_status":"closed","ping_status":"closed","template":"page-thank-you.php","meta":{"_acf_changed":false,"inline_featured_image":false,"footnotes":""},"page_type":[],"class_list":["post-12951","page","type-page","status-publish","hentry"],"acf":[],"yoast_head":"<!-- This site is optimized with the Yoast SEO plugin v25.3 - https:\/\/yoast.com\/wordpress\/plugins\/seo\/ -->\n<title>UK Power Networks s\u2019engage pour la neutralit\u00e9 carbone en f\u00e9d\u00e9rant une communaut\u00e9 open data entre acteurs de l\u2019\u00e9nergie - Opendatasoft<\/title>\n<meta name=\"robots\" content=\"noindex, nofollow\" \/>\n<meta property=\"og:locale\" content=\"fr_FR\" \/>\n<meta property=\"og:type\" content=\"article\" \/>\n<meta property=\"og:title\" content=\"UK Power Networks s\u2019engage pour la neutralit\u00e9 carbone en f\u00e9d\u00e9rant une communaut\u00e9 open data entre acteurs de l\u2019\u00e9nergie - Opendatasoft\" \/>\n<meta property=\"og:description\" content=\"Merci pour votre t\u00e9l\u00e9chargement ! La success story vient de vous \u00eatre envoy\u00e9e par email. &nbsp;\" \/>\n<meta property=\"og:url\" content=\"https:\/\/www.opendatasoft.com\/fr\/telechargement-success-story-uk-power-networks\/\" \/>\n<meta property=\"og:site_name\" content=\"Opendatasoft\" \/>\n<meta property=\"article:modified_time\" content=\"2023-03-01T14:42:09+00:00\" \/>\n<meta property=\"og:image\" content=\"https:\/\/no-cache.hubspot.com\/cta\/default\/2041226\/78ca76fb-b30f-4666-b6a6-390bfb4b4798.png\" \/>\n<meta name=\"twitter:card\" content=\"summary_large_image\" \/>\n<script type=\"application\/ld+json\" class=\"yoast-schema-graph\">{\n\t    \"@context\": \"https:\/\/schema.org\",\n\t    \"@graph\": [\n\t        {\n\t            \"@type\": \"WebPage\",\n\t            \"@id\": \"https:\/\/www.opendatasoft.com\/fr\/telechargement-success-story-uk-power-networks\/\",\n\t            \"url\": \"https:\/\/www.opendatasoft.com\/fr\/telechargement-success-story-uk-power-networks\/\",\n\t            \"name\": \"UK Power Networks s\u2019engage pour la neutralit\u00e9 carbone en f\u00e9d\u00e9rant une communaut\u00e9 open data entre acteurs de l\u2019\u00e9nergie - Opendatasoft\",\n\t            \"isPartOf\": {\n\t                \"@id\": \"https:\/\/www.opendatasoft.com\/fr\/#website\"\n\t            },\n\t            \"primaryImageOfPage\": {\n\t                \"@id\": \"https:\/\/www.opendatasoft.com\/fr\/telechargement-success-story-uk-power-networks\/#primaryimage\"\n\t            },\n\t            \"image\": {\n\t                \"@id\": \"https:\/\/www.opendatasoft.com\/fr\/telechargement-success-story-uk-power-networks\/#primaryimage\"\n\t            },\n\t            \"thumbnailUrl\": \"https:\/\/no-cache.hubspot.com\/cta\/default\/2041226\/78ca76fb-b30f-4666-b6a6-390bfb4b4798.png\",\n\t            \"datePublished\": \"2022-03-10T15:07:14+00:00\",\n\t            \"dateModified\": \"2023-03-01T14:42:09+00:00\",\n\t            \"breadcrumb\": {\n\t                \"@id\": \"https:\/\/www.opendatasoft.com\/fr\/telechargement-success-story-uk-power-networks\/#breadcrumb\"\n\t            },\n\t            \"inLanguage\": \"fr-FR\",\n\t            \"potentialAction\": [\n\t                {\n\t                    \"@type\": \"ReadAction\",\n\t                    \"target\": [\n\t                        \"https:\/\/www.opendatasoft.com\/fr\/telechargement-success-story-uk-power-networks\/\"\n\t                    ]\n\t                }\n\t            ]\n\t        },\n\t        {\n\t            \"@type\": \"ImageObject\",\n\t            \"inLanguage\": \"fr-FR\",\n\t            \"@id\": \"https:\/\/www.opendatasoft.com\/fr\/telechargement-success-story-uk-power-networks\/#primaryimage\",\n\t            \"url\": \"https:\/\/no-cache.hubspot.com\/cta\/default\/2041226\/78ca76fb-b30f-4666-b6a6-390bfb4b4798.png\",\n\t            \"contentUrl\": \"https:\/\/no-cache.hubspot.com\/cta\/default\/2041226\/78ca76fb-b30f-4666-b6a6-390bfb4b4798.png\"\n\t        },\n\t        {\n\t            \"@type\": \"BreadcrumbList\",\n\t            \"@id\": \"https:\/\/www.opendatasoft.com\/fr\/telechargement-success-story-uk-power-networks\/#breadcrumb\",\n\t            \"itemListElement\": [\n\t                {\n\t                    \"@type\": \"ListItem\",\n\t                    \"position\": 1,\n\t                    \"name\": \"Home\",\n\t                    \"item\": \"https:\/\/www.opendatasoft.com\/fr\/\"\n\t                },\n\t                {\n\t                    \"@type\": \"ListItem\",\n\t                    \"position\": 2,\n\t                    \"name\": \"UK Power Networks s\u2019engage pour la neutralit\u00e9 carbone en f\u00e9d\u00e9rant une communaut\u00e9 open data entre acteurs de l\u2019\u00e9nergie\"\n\t                }\n\t            ]\n\t        },\n\t        {\n\t            \"@type\": \"WebSite\",\n\t            \"@id\": \"https:\/\/www.opendatasoft.com\/fr\/#website\",\n\t            \"url\": \"https:\/\/www.opendatasoft.com\/fr\/\",\n\t            \"name\": \"Opendatasoft\",\n\t            \"description\": \"Leading solution for data sharing\",\n\t            \"publisher\": {\n\t                \"@id\": \"https:\/\/www.opendatasoft.com\/fr\/#organization\"\n\t            },\n\t            \"potentialAction\": [\n\t                {\n\t                    \"@type\": \"SearchAction\",\n\t                    \"target\": {\n\t                        \"@type\": \"EntryPoint\",\n\t                        \"urlTemplate\": \"https:\/\/www.opendatasoft.com\/fr\/?s={search_term_string}\"\n\t                    },\n\t                    \"query-input\": {\n\t                        \"@type\": \"PropertyValueSpecification\",\n\t                        \"valueRequired\": true,\n\t                        \"valueName\": \"search_term_string\"\n\t                    }\n\t                }\n\t            ],\n\t            \"inLanguage\": \"fr-FR\"\n\t        },\n\t        {\n\t            \"@type\": \"Organization\",\n\t            \"@id\": \"https:\/\/www.opendatasoft.com\/fr\/#organization\",\n\t            \"name\": \"Opendatasoft\",\n\t            \"url\": \"https:\/\/www.opendatasoft.com\/fr\/\",\n\t            \"logo\": {\n\t                \"@type\": \"ImageObject\",\n\t                \"inLanguage\": \"fr-FR\",\n\t                \"@id\": \"https:\/\/www.opendatasoft.com\/fr\/#\/schema\/logo\/image\/\",\n\t                \"url\": \"https:\/\/www.opendatasoft.com\/wp-content\/uploads\/2022\/12\/logo-opendatasoft.svg\",\n\t                \"contentUrl\": \"https:\/\/www.opendatasoft.com\/wp-content\/uploads\/2022\/12\/logo-opendatasoft.svg\",\n\t                \"width\": 178,\n\t                \"height\": 24,\n\t                \"caption\": \"Opendatasoft\"\n\t            },\n\t            \"image\": {\n\t                \"@id\": \"https:\/\/www.opendatasoft.com\/fr\/#\/schema\/logo\/image\/\"\n\t            }\n\t        }\n\t    ]\n\t}<\/script>\n<!-- \/ Yoast SEO plugin. -->","yoast_head_json":{"title":"UK Power Networks s\u2019engage pour la neutralit\u00e9 carbone en f\u00e9d\u00e9rant une communaut\u00e9 open data entre acteurs de l\u2019\u00e9nergie - Opendatasoft","robots":{"index":"noindex","follow":"nofollow"},"og_locale":"fr_FR","og_type":"article","og_title":"UK Power Networks s\u2019engage pour la neutralit\u00e9 carbone en f\u00e9d\u00e9rant une communaut\u00e9 open data entre acteurs de l\u2019\u00e9nergie - Opendatasoft","og_description":"Merci pour votre t\u00e9l\u00e9chargement ! La success story vient de vous \u00eatre envoy\u00e9e par email. &nbsp;","og_url":"https:\/\/www.opendatasoft.com\/fr\/telechargement-success-story-uk-power-networks\/","og_site_name":"Opendatasoft","article_modified_time":"2023-03-01T14:42:09+00:00","og_image":[{"url":"https:\/\/no-cache.hubspot.com\/cta\/default\/2041226\/78ca76fb-b30f-4666-b6a6-390bfb4b4798.png","type":"","width":"","height":""}],"twitter_card":"summary_large_image","schema":{"@context":"https:\/\/schema.org","@graph":[{"@type":"WebPage","@id":"https:\/\/www.opendatasoft.com\/fr\/telechargement-success-story-uk-power-networks\/","url":"https:\/\/www.opendatasoft.com\/fr\/telechargement-success-story-uk-power-networks\/","name":"UK Power Networks s\u2019engage pour la neutralit\u00e9 carbone en f\u00e9d\u00e9rant une communaut\u00e9 open data entre acteurs de l\u2019\u00e9nergie - Opendatasoft","isPartOf":{"@id":"https:\/\/www.opendatasoft.com\/fr\/#website"},"primaryImageOfPage":{"@id":"https:\/\/www.opendatasoft.com\/fr\/telechargement-success-story-uk-power-networks\/#primaryimage"},"image":{"@id":"https:\/\/www.opendatasoft.com\/fr\/telechargement-success-story-uk-power-networks\/#primaryimage"},"thumbnailUrl":"https:\/\/no-cache.hubspot.com\/cta\/default\/2041226\/78ca76fb-b30f-4666-b6a6-390bfb4b4798.png","datePublished":"2022-03-10T15:07:14+00:00","dateModified":"2023-03-01T14:42:09+00:00","breadcrumb":{"@id":"https:\/\/www.opendatasoft.com\/fr\/telechargement-success-story-uk-power-networks\/#breadcrumb"},"inLanguage":"fr-FR","potentialAction":[{"@type":"ReadAction","target":["https:\/\/www.opendatasoft.com\/fr\/telechargement-success-story-uk-power-networks\/"]}]},{"@type":"ImageObject","inLanguage":"fr-FR","@id":"https:\/\/www.opendatasoft.com\/fr\/telechargement-success-story-uk-power-networks\/#primaryimage","url":"https:\/\/no-cache.hubspot.com\/cta\/default\/2041226\/78ca76fb-b30f-4666-b6a6-390bfb4b4798.png","contentUrl":"https:\/\/no-cache.hubspot.com\/cta\/default\/2041226\/78ca76fb-b30f-4666-b6a6-390bfb4b4798.png"},{"@type":"BreadcrumbList","@id":"https:\/\/www.opendatasoft.com\/fr\/telechargement-success-story-uk-power-networks\/#breadcrumb","itemListElement":[{"@type":"ListItem","position":1,"name":"Home","item":"https:\/\/www.opendatasoft.com\/fr\/"},{"@type":"ListItem","position":2,"name":"UK Power Networks s\u2019engage pour la neutralit\u00e9 carbone en f\u00e9d\u00e9rant une communaut\u00e9 open data entre acteurs de l\u2019\u00e9nergie"}]},{"@type":"WebSite","@id":"https:\/\/www.opendatasoft.com\/fr\/#website","url":"https:\/\/www.opendatasoft.com\/fr\/","name":"Opendatasoft","description":"Leading solution for data sharing","publisher":{"@id":"https:\/\/www.opendatasoft.com\/fr\/#organization"},"potentialAction":[{"@type":"SearchAction","target":{"@type":"EntryPoint","urlTemplate":"https:\/\/www.opendatasoft.com\/fr\/?s={search_term_string}"},"query-input":{"@type":"PropertyValueSpecification","valueRequired":true,"valueName":"search_term_string"}}],"inLanguage":"fr-FR"},{"@type":"Organization","@id":"https:\/\/www.opendatasoft.com\/fr\/#organization","name":"Opendatasoft","url":"https:\/\/www.opendatasoft.com\/fr\/","logo":{"@type":"ImageObject","inLanguage":"fr-FR","@id":"https:\/\/www.opendatasoft.com\/fr\/#\/schema\/logo\/image\/","url":"https:\/\/www.opendatasoft.com\/wp-content\/uploads\/2022\/12\/logo-opendatasoft.svg","contentUrl":"https:\/\/www.opendatasoft.com\/wp-content\/uploads\/2022\/12\/logo-opendatasoft.svg","width":178,"height":24,"caption":"Opendatasoft"},"image":{"@id":"https:\/\/www.opendatasoft.com\/fr\/#\/schema\/logo\/image\/"}}]}},"_links":{"self":[{"href":"https:\/\/www.opendatasoft.com\/fr\/wp-json\/wp\/v2\/pages\/12951","targetHints":{"allow":["GET"]}}],"collection":[{"href":"https:\/\/www.opendatasoft.com\/fr\/wp-json\/wp\/v2\/pages"}],"about":[{"href":"https:\/\/www.opendatasoft.com\/fr\/wp-json\/wp\/v2\/types\/page"}],"author":[{"embeddable":true,"href":"https:\/\/www.opendatasoft.com\/fr\/wp-json\/wp\/v2\/users\/5"}],"replies":[{"embeddable":true,"href":"https:\/\/www.opendatasoft.com\/fr\/wp-json\/wp\/v2\/comments?post=12951"}],"version-history":[{"count":0,"href":"https:\/\/www.opendatasoft.com\/fr\/wp-json\/wp\/v2\/pages\/12951\/revisions"}],"wp:attachment":[{"href":"https:\/\/www.opendatasoft.com\/fr\/wp-json\/wp\/v2\/media?parent=12951"}],"wp:term":[{"taxonomy":"page_type","embeddable":true,"href":"https:\/\/www.opendatasoft.com\/fr\/wp-json\/wp\/v2\/page_type?post=12951"}],"curies":[{"name":"wp","href":"https:\/\/api.w.org\/{rel}","templated":true}]}}