{"id":4375,"date":"2021-11-30T19:35:12","date_gmt":"2021-11-30T18:35:12","guid":{"rendered":"https:\/\/www.opendatasoft.com\/?page_id=4375"},"modified":"2025-04-02T12:15:16","modified_gmt":"2025-04-02T10:15:16","slug":"a-propos","status":"publish","type":"page","link":"https:\/\/www.opendatasoft.com\/fr\/a-propos\/","title":{"rendered":"\u00c0 propos"},"content":{"rendered":"","protected":false},"excerpt":{"rendered":"","protected":false},"author":1,"featured_media":0,"parent":0,"menu_order":0,"comment_status":"closed","ping_status":"closed","template":"page-features.php","meta":{"_acf_changed":false,"inline_featured_image":false,"footnotes":""},"page_type":[],"class_list":["post-4375","page","type-page","status-publish","hentry"],"acf":[],"yoast_head":"<!-- This site is optimized with the Yoast SEO plugin v25.3 - https:\/\/yoast.com\/wordpress\/plugins\/seo\/ -->\n<title>\u00c0 propos d&#039;Opendatasoft<\/title>\n<meta name=\"description\" content=\"Quelle est la mission d&#039;Opendatasoft ? Quelle est la raison d&#039;\u00eatre de l&#039;organisation ? Apprenez-en plus \u00e0 propos d&#039;Opendatasoft.\" \/>\n<meta name=\"robots\" content=\"index, follow, max-snippet:-1, max-image-preview:large, max-video-preview:-1\" \/>\n<link rel=\"canonical\" href=\"https:\/\/www.opendatasoft.com\/fr\/a-propos\/\" \/>\n<meta property=\"og:locale\" content=\"fr_FR\" \/>\n<meta property=\"og:type\" content=\"article\" \/>\n<meta property=\"og:title\" content=\"\u00c0 propos d&#039;Opendatasoft\" \/>\n<meta property=\"og:description\" content=\"Quelle est la mission d&#039;Opendatasoft ? Quelle est la raison d&#039;\u00eatre de l&#039;organisation ? Apprenez-en plus \u00e0 propos d&#039;Opendatasoft.\" \/>\n<meta property=\"og:url\" content=\"https:\/\/www.opendatasoft.com\/fr\/a-propos\/\" \/>\n<meta property=\"og:site_name\" content=\"Opendatasoft\" \/>\n<meta property=\"article:modified_time\" content=\"2025-04-02T10:15:16+00:00\" \/>\n<meta property=\"og:image\" content=\"https:\/\/www.opendatasoft.com\/wp-content\/uploads\/2024\/07\/Header-about-us.jpg\" \/>\n\t<meta property=\"og:image:width\" content=\"1140\" \/>\n\t<meta property=\"og:image:height\" content=\"760\" \/>\n\t<meta property=\"og:image:type\" content=\"image\/jpeg\" \/>\n<meta name=\"twitter:card\" content=\"summary_large_image\" \/>\n<script type=\"application\/ld+json\" class=\"yoast-schema-graph\">{\n\t    \"@context\": \"https:\/\/schema.org\",\n\t    \"@graph\": [\n\t        {\n\t            \"@type\": \"WebPage\",\n\t            \"@id\": \"https:\/\/www.opendatasoft.com\/fr\/a-propos\/\",\n\t            \"url\": \"https:\/\/www.opendatasoft.com\/fr\/a-propos\/\",\n\t            \"name\": \"\u00c0 propos d'Opendatasoft\",\n\t            \"isPartOf\": {\n\t                \"@id\": \"https:\/\/www.opendatasoft.com\/fr\/#website\"\n\t            },\n\t            \"datePublished\": \"2021-11-30T18:35:12+00:00\",\n\t            \"dateModified\": \"2025-04-02T10:15:16+00:00\",\n\t            \"description\": \"Quelle est la mission d'Opendatasoft ? Quelle est la raison d'\u00eatre de l'organisation ? Apprenez-en plus \u00e0 propos d'Opendatasoft.\",\n\t            \"breadcrumb\": {\n\t                \"@id\": \"https:\/\/www.opendatasoft.com\/fr\/a-propos\/#breadcrumb\"\n\t            },\n\t            \"inLanguage\": \"fr-FR\",\n\t            \"potentialAction\": [\n\t                {\n\t                    \"@type\": \"ReadAction\",\n\t                    \"target\": [\n\t                        \"https:\/\/www.opendatasoft.com\/fr\/a-propos\/\"\n\t                    ]\n\t                }\n\t            ]\n\t        },\n\t        {\n\t            \"@type\": \"BreadcrumbList\",\n\t            \"@id\": \"https:\/\/www.opendatasoft.com\/fr\/a-propos\/#breadcrumb\",\n\t            \"itemListElement\": [\n\t                {\n\t                    \"@type\": \"ListItem\",\n\t                    \"position\": 1,\n\t                    \"name\": \"Home\",\n\t                    \"item\": \"https:\/\/www.opendatasoft.com\/fr\/\"\n\t                },\n\t                {\n\t                    \"@type\": \"ListItem\",\n\t                    \"position\": 2,\n\t                    \"name\": \"\u00c0 propos\"\n\t                }\n\t            ]\n\t        },\n\t        {\n\t            \"@type\": \"WebSite\",\n\t            \"@id\": \"https:\/\/www.opendatasoft.com\/fr\/#website\",\n\t            \"url\": \"https:\/\/www.opendatasoft.com\/fr\/\",\n\t            \"name\": \"Opendatasoft\",\n\t            \"description\": \"Leading solution for data sharing\",\n\t            \"publisher\": {\n\t                \"@id\": \"https:\/\/www.opendatasoft.com\/fr\/#organization\"\n\t            },\n\t            \"potentialAction\": [\n\t                {\n\t                    \"@type\": \"SearchAction\",\n\t                    \"target\": {\n\t                        \"@type\": \"EntryPoint\",\n\t                        \"urlTemplate\": \"https:\/\/www.opendatasoft.com\/fr\/?s={search_term_string}\"\n\t                    },\n\t                    \"query-input\": {\n\t                        \"@type\": \"PropertyValueSpecification\",\n\t                        \"valueRequired\": true,\n\t                        \"valueName\": \"search_term_string\"\n\t                    }\n\t                }\n\t            ],\n\t            \"inLanguage\": \"fr-FR\"\n\t        },\n\t        {\n\t            \"@type\": \"Organization\",\n\t            \"@id\": \"https:\/\/www.opendatasoft.com\/fr\/#organization\",\n\t            \"name\": \"Opendatasoft\",\n\t            \"url\": \"https:\/\/www.opendatasoft.com\/fr\/\",\n\t            \"logo\": {\n\t                \"@type\": \"ImageObject\",\n\t                \"inLanguage\": \"fr-FR\",\n\t                \"@id\": \"https:\/\/www.opendatasoft.com\/fr\/#\/schema\/logo\/image\/\",\n\t                \"url\": \"https:\/\/www.opendatasoft.com\/wp-content\/uploads\/2022\/12\/logo-opendatasoft.svg\",\n\t                \"contentUrl\": \"https:\/\/www.opendatasoft.com\/wp-content\/uploads\/2022\/12\/logo-opendatasoft.svg\",\n\t                \"width\": 178,\n\t                \"height\": 24,\n\t                \"caption\": \"Opendatasoft\"\n\t            },\n\t            \"image\": {\n\t                \"@id\": \"https:\/\/www.opendatasoft.com\/fr\/#\/schema\/logo\/image\/\"\n\t            }\n\t        }\n\t    ]\n\t}<\/script>\n<!-- \/ Yoast SEO plugin. -->","yoast_head_json":{"title":"\u00c0 propos d'Opendatasoft","description":"Quelle est la mission d'Opendatasoft ? Quelle est la raison d'\u00eatre de l'organisation ? Apprenez-en plus \u00e0 propos d'Opendatasoft.","robots":{"index":"index","follow":"follow","max-snippet":"max-snippet:-1","max-image-preview":"max-image-preview:large","max-video-preview":"max-video-preview:-1"},"canonical":"https:\/\/www.opendatasoft.com\/fr\/a-propos\/","og_locale":"fr_FR","og_type":"article","og_title":"\u00c0 propos d'Opendatasoft","og_description":"Quelle est la mission d'Opendatasoft ? Quelle est la raison d'\u00eatre de l'organisation ? Apprenez-en plus \u00e0 propos d'Opendatasoft.","og_url":"https:\/\/www.opendatasoft.com\/fr\/a-propos\/","og_site_name":"Opendatasoft","article_modified_time":"2025-04-02T10:15:16+00:00","og_image":[{"width":1140,"height":760,"url":"https:\/\/www.opendatasoft.com\/wp-content\/uploads\/2024\/07\/Header-about-us.jpg","type":"image\/jpeg"}],"twitter_card":"summary_large_image","schema":{"@context":"https:\/\/schema.org","@graph":[{"@type":"WebPage","@id":"https:\/\/www.opendatasoft.com\/fr\/a-propos\/","url":"https:\/\/www.opendatasoft.com\/fr\/a-propos\/","name":"\u00c0 propos d'Opendatasoft","isPartOf":{"@id":"https:\/\/www.opendatasoft.com\/fr\/#website"},"datePublished":"2021-11-30T18:35:12+00:00","dateModified":"2025-04-02T10:15:16+00:00","description":"Quelle est la mission d'Opendatasoft ? Quelle est la raison d'\u00eatre de l'organisation ? Apprenez-en plus \u00e0 propos d'Opendatasoft.","breadcrumb":{"@id":"https:\/\/www.opendatasoft.com\/fr\/a-propos\/#breadcrumb"},"inLanguage":"fr-FR","potentialAction":[{"@type":"ReadAction","target":["https:\/\/www.opendatasoft.com\/fr\/a-propos\/"]}]},{"@type":"BreadcrumbList","@id":"https:\/\/www.opendatasoft.com\/fr\/a-propos\/#breadcrumb","itemListElement":[{"@type":"ListItem","position":1,"name":"Home","item":"https:\/\/www.opendatasoft.com\/fr\/"},{"@type":"ListItem","position":2,"name":"\u00c0 propos"}]},{"@type":"WebSite","@id":"https:\/\/www.opendatasoft.com\/fr\/#website","url":"https:\/\/www.opendatasoft.com\/fr\/","name":"Opendatasoft","description":"Leading solution for data sharing","publisher":{"@id":"https:\/\/www.opendatasoft.com\/fr\/#organization"},"potentialAction":[{"@type":"SearchAction","target":{"@type":"EntryPoint","urlTemplate":"https:\/\/www.opendatasoft.com\/fr\/?s={search_term_string}"},"query-input":{"@type":"PropertyValueSpecification","valueRequired":true,"valueName":"search_term_string"}}],"inLanguage":"fr-FR"},{"@type":"Organization","@id":"https:\/\/www.opendatasoft.com\/fr\/#organization","name":"Opendatasoft","url":"https:\/\/www.opendatasoft.com\/fr\/","logo":{"@type":"ImageObject","inLanguage":"fr-FR","@id":"https:\/\/www.opendatasoft.com\/fr\/#\/schema\/logo\/image\/","url":"https:\/\/www.opendatasoft.com\/wp-content\/uploads\/2022\/12\/logo-opendatasoft.svg","contentUrl":"https:\/\/www.opendatasoft.com\/wp-content\/uploads\/2022\/12\/logo-opendatasoft.svg","width":178,"height":24,"caption":"Opendatasoft"},"image":{"@id":"https:\/\/www.opendatasoft.com\/fr\/#\/schema\/logo\/image\/"}}]}},"_links":{"self":[{"href":"https:\/\/www.opendatasoft.com\/fr\/wp-json\/wp\/v2\/pages\/4375","targetHints":{"allow":["GET"]}}],"collection":[{"href":"https:\/\/www.opendatasoft.com\/fr\/wp-json\/wp\/v2\/pages"}],"about":[{"href":"https:\/\/www.opendatasoft.com\/fr\/wp-json\/wp\/v2\/types\/page"}],"author":[{"embeddable":true,"href":"https:\/\/www.opendatasoft.com\/fr\/wp-json\/wp\/v2\/users\/1"}],"replies":[{"embeddable":true,"href":"https:\/\/www.opendatasoft.com\/fr\/wp-json\/wp\/v2\/comments?post=4375"}],"version-history":[{"count":44,"href":"https:\/\/www.opendatasoft.com\/fr\/wp-json\/wp\/v2\/pages\/4375\/revisions"}],"predecessor-version":[{"id":32586,"href":"https:\/\/www.opendatasoft.com\/fr\/wp-json\/wp\/v2\/pages\/4375\/revisions\/32586"}],"wp:attachment":[{"href":"https:\/\/www.opendatasoft.com\/fr\/wp-json\/wp\/v2\/media?parent=4375"}],"wp:term":[{"taxonomy":"page_type","embeddable":true,"href":"https:\/\/www.opendatasoft.com\/fr\/wp-json\/wp\/v2\/page_type?post=4375"}],"curies":[{"name":"wp","href":"https:\/\/api.w.org\/{rel}","templated":true}]}}